{"id":466,"date":"2021-01-06T16:33:11","date_gmt":"2021-01-06T13:33:11","guid":{"rendered":"http:\/\/localhost\/yad\/?page_id=466"},"modified":"2021-01-07T11:55:29","modified_gmt":"2021-01-07T08:55:29","slug":"lembrancas","status":"publish","type":"page","link":"https:\/\/www.yucelarzudagli.com\/pt-pt\/lembrancas\/","title":{"rendered":"LEMBRAN\u00c7AS &#038; RESTAURANTE"},"content":{"rendered":"<p>Yucel Arzu Dagl\u0131 fornece fundos para que o patrim\u00f4nio hist\u00f3rico e cultural da Turquia seja preservado, mantido e divulgado. Oferece uma diversidade de lembran\u00e7as com uma grande cole\u00e7\u00e3o de r\u00e9plicas de produtos e, assim, oferece uma experi\u00eancia de compra especial para quem adora lembran\u00e7as.<\/p>\n<p>Poder\u00e1 encontrar na nossa loja de lembran\u00e7a joias, bolsas, t-shirts, canecas com um design especial e tamb\u00e9m descobrir os produtos que s\u00e3o confeccionados com a inspira\u00e7\u00e3o das pe\u00e7as expostas no cole\u00e7\u00e3o do museu.<\/p>\n<p>Al\u00e9m disso, pode tornar a sua visita mais agrad\u00e1vel, fazendo uma pausa no nosso restaurante localizado junto \u00e0s \u00fanicas ru\u00ednas hist\u00f3ricas.<\/p>\n","protected":false},"excerpt":{"rendered":"<p>Yucel Arzu Dagl\u0131 fornece fundos para que o patrim\u00f4nio hist\u00f3rico e cultural da Turquia seja preservado, mantido e divulgado. Oferece uma diversidade de lembran\u00e7as com uma grande cole\u00e7\u00e3o de r\u00e9plicas de produtos e, assim, oferece uma experi\u00eancia de compra especial para quem adora lembran\u00e7as. Poder\u00e1 encontrar na nossa loja de lembran\u00e7a joias, bolsas, t-shirts, canecas [&hellip;]<\/p>\n","protected":false},"author":1,"featured_media":0,"parent":0,"menu_order":0,"comment_status":"closed","ping_status":"closed","template":"hediyelik-esya.php","meta":[],"_links":{"self":[{"href":"https:\/\/www.yucelarzudagli.com\/pt-pt\/wp-json\/wp\/v2\/pages\/466\/"}],"collection":[{"href":"https:\/\/www.yucelarzudagli.com\/pt-pt\/wp-json\/wp\/v2\/pages\/"}],"about":[{"href":"https:\/\/www.yucelarzudagli.com\/pt-pt\/wp-json\/wp\/v2\/types\/page\/"}],"author":[{"embeddable":true,"href":"https:\/\/www.yucelarzudagli.com\/pt-pt\/wp-json\/wp\/v2\/users\/1\/"}],"replies":[{"embeddable":true,"href":"https:\/\/www.yucelarzudagli.com\/pt-pt\/wp-json\/wp\/v2\/comments\/?post=466"}],"version-history":[{"count":3,"href":"https:\/\/www.yucelarzudagli.com\/pt-pt\/wp-json\/wp\/v2\/pages\/466\/revisions\/"}],"predecessor-version":[{"id":475,"href":"https:\/\/www.yucelarzudagli.com\/pt-pt\/wp-json\/wp\/v2\/pages\/466\/revisions\/475\/"}],"wp:attachment":[{"href":"https:\/\/www.yucelarzudagli.com\/pt-pt\/wp-json\/wp\/v2\/media\/?parent=466"}],"curies":[{"name":"wp","href":"https:\/\/api.w.org\/{rel}","templated":true}]}}