{"id":511,"date":"2021-01-07T12:19:06","date_gmt":"2021-01-07T09:19:06","guid":{"rendered":"http:\/\/localhost\/yad\/?page_id=511"},"modified":"2021-01-08T02:38:37","modified_gmt":"2021-01-07T23:38:37","slug":"contacto","status":"publish","type":"page","link":"https:\/\/www.yucelarzudagli.com\/es\/contacto\/","title":{"rendered":"CONTACTO"},"content":{"rendered":"<div role=\"form\" class=\"wpcf7\" id=\"wpcf7-f259-o1\" lang=\"tr-TR\" dir=\"ltr\">\n<div class=\"screen-reader-response\"><\/div>\n<form action=\"\/es\/wp-json\/wp\/v2\/pages\/511\/#wpcf7-f259-o1\" method=\"post\" class=\"wpcf7-form\" novalidate=\"novalidate\">\n<div style=\"display: none;\">\n<input type=\"hidden\" name=\"_wpcf7\" value=\"259\" \/>\n<input type=\"hidden\" name=\"_wpcf7_version\" value=\"5.1.1\" \/>\n<input type=\"hidden\" name=\"_wpcf7_locale\" value=\"tr_TR\" \/>\n<input type=\"hidden\" name=\"_wpcf7_unit_tag\" value=\"wpcf7-f259-o1\" \/>\n<input type=\"hidden\" name=\"_wpcf7_container_post\" value=\"0\" \/>\n<input type=\"hidden\" name=\"g-recaptcha-response\" value=\"\" \/>\n<\/div>\n<div class=\"row\">\n<div class=\"col-md-6\"><label for=\"name\"><span class=\"i_adsoyad\">AD SOYAD<\/span><span class=\"wpcf7-form-control-wrap ad-soyad\"><input type=\"text\" name=\"ad-soyad\" value=\"\" size=\"40\" class=\"wpcf7-form-control wpcf7-text wpcf7-validates-as-required\" id=\"name\" aria-required=\"true\" aria-invalid=\"false\" placeholder=\"Ad\u0131n\u0131z Soyad\u0131n\u0131z\" \/><\/span><\/label><\/div>\n<div class=\"col-md-6\"><label for=\"mail\"><span class=\"i_eposta\">E-POSTA<\/span><span class=\"wpcf7-form-control-wrap e-posta\"><input type=\"email\" name=\"e-posta\" value=\"\" size=\"40\" class=\"wpcf7-form-control wpcf7-text wpcf7-email wpcf7-validates-as-required wpcf7-validates-as-email\" id=\"mail\" aria-required=\"true\" aria-invalid=\"false\" placeholder=\"E-posta Adresiniz\" \/><\/span><\/label><\/div>\n<div class=\"col-md-6\"><label for=\"phone\"><span class=\"i_telefon\">TELEFON<\/span><span class=\"wpcf7-form-control-wrap telefon\"><input type=\"tel\" name=\"telefon\" value=\"\" size=\"40\" class=\"wpcf7-form-control wpcf7-text wpcf7-tel wpcf7-validates-as-required wpcf7-validates-as-tel\" id=\"phone\" aria-required=\"true\" aria-invalid=\"false\" placeholder=\"Telefon Numaran\u0131z\" \/><\/span><\/label><\/div>\n<div class=\"col-md-6\"><label for=\"subject\"><span class=\"i_konu\">MESAJ KONUSU<\/span><span class=\"wpcf7-form-control-wrap konu\"><input type=\"text\" name=\"konu\" value=\"\" size=\"40\" class=\"wpcf7-form-control wpcf7-text\" id=\"subject\" aria-invalid=\"false\" placeholder=\"Mesaj\u0131n\u0131z\u0131n Konusu\" \/><\/span><\/label><\/div>\n<div class=\"col-md-12\"><label for=\"message\"><span class=\"i_mesaj\">MESAJ<\/span><span class=\"wpcf7-form-control-wrap mesaj\"><textarea name=\"mesaj\" cols=\"40\" rows=\"10\" class=\"wpcf7-form-control wpcf7-textarea wpcf7-validates-as-required\" id=\"message\" aria-required=\"true\" aria-invalid=\"false\" placeholder=\"Mesaj\u0131n\u0131z\"><\/textarea><\/span><\/label><\/div>\n<div class=\"col-md-12\"><input type=\"submit\" value=\"G\u00f6nder\" class=\"wpcf7-form-control wpcf7-submit\" \/><\/div>\n<\/div><div class=\"wpcf7-response-output wpcf7-display-none\"><\/div><\/form><\/div>\n","protected":false},"excerpt":{"rendered":"","protected":false},"author":1,"featured_media":0,"parent":0,"menu_order":0,"comment_status":"closed","ping_status":"closed","template":"iletisim-formu.php","meta":[],"_links":{"self":[{"href":"https:\/\/www.yucelarzudagli.com\/es\/wp-json\/wp\/v2\/pages\/511\/"}],"collection":[{"href":"https:\/\/www.yucelarzudagli.com\/es\/wp-json\/wp\/v2\/pages\/"}],"about":[{"href":"https:\/\/www.yucelarzudagli.com\/es\/wp-json\/wp\/v2\/types\/page\/"}],"author":[{"embeddable":true,"href":"https:\/\/www.yucelarzudagli.com\/es\/wp-json\/wp\/v2\/users\/1\/"}],"replies":[{"embeddable":true,"href":"https:\/\/www.yucelarzudagli.com\/es\/wp-json\/wp\/v2\/comments\/?post=511"}],"version-history":[{"count":3,"href":"https:\/\/www.yucelarzudagli.com\/es\/wp-json\/wp\/v2\/pages\/511\/revisions\/"}],"predecessor-version":[{"id":696,"href":"https:\/\/www.yucelarzudagli.com\/es\/wp-json\/wp\/v2\/pages\/511\/revisions\/696\/"}],"wp:attachment":[{"href":"https:\/\/www.yucelarzudagli.com\/es\/wp-json\/wp\/v2\/media\/?parent=511"}],"curies":[{"name":"wp","href":"https:\/\/api.w.org\/{rel}","templated":true}]}}