{"id":139,"date":"2018-12-22T21:55:15","date_gmt":"2018-12-22T18:55:15","guid":{"rendered":"http:\/\/wover.digital\/yda\/hierapolis-arekoloji-muzesi\/"},"modified":"2021-01-10T16:29:39","modified_gmt":"2021-01-10T13:29:39","slug":"hierapolis-arekoloji-muzesi","status":"publish","type":"page","link":"https:\/\/www.yucelarzudagli.com\/en\/hierapolis-arekoloji-muzesi\/","title":{"rendered":"H\u0130ERAPOL\u0130S AREKOLOJ\u0130 M\u00dcZES\u0130"},"content":{"rendered":"<p>Hierapolis \u00d6ren Yerinde bulunan Roma Hamam Yap\u0131s\u0131\u2019n\u0131n 1970\u2019li y\u0131llarda yap\u0131lan restorasyonu sonucu, ba\u015fta Hierapolis Kaz\u0131lar\u0131nda \u00e7\u0131kan ve di\u011fer \u00f6ren yerlerimizden getirilen eserlerin te\u015fhir ve d\u00fczenleme \u00e7al\u0131\u015fmalar\u0131 tamamlanarak, 1 \u015eubat 1984 tarihinde Hierapolis \u00d6renyeri M\u00fczesi ziyarete a\u00e7\u0131lm\u0131\u015ft\u0131r. Zaman\u0131n etkisiyle y\u0131pranan Hierapolis \u00d6renyeri M\u00fczesinin 1999 y\u0131l\u0131nda ba\u015flayan restorasyonun, te\u015fhir ve d\u00fczenleme \u00e7al\u0131\u015fmalar\u0131 ile birlikte a\u00e7\u0131k te\u015fhirinin de tamamlanmas\u0131 sonucu 24 Nisan 2000 tarihinde yeniden bug\u00fcnk\u00fc durumu ile ziyarete a\u00e7\u0131lm\u0131\u015ft\u0131r.<\/p>\n<p>Hierapolis (Pamukkale) \u00d6renyeri M\u00fczesi; Hierapolis Antik Kenti i\u00e7inde, 14.000 m2\u2019lik bir alan \u00fczerindedir. Antik Roma Hamam\u0131, Gymnasiumu ve k\u00fct\u00fcphaneden olu\u015fan yap\u0131lar toplulu\u011fudur.<\/p>\n<p>Hierapolis Arkeoloji M\u00fczesi\u2019ndeki eserler;Lahitler ve Heykeller Salonu,K\u00fc\u00e7\u00fck Eserler Salonu ve Hierapolis Tiyatrosu Buluntular\u0131 Salonu olmak \u00fczere \u00fc\u00e7 ayr\u0131 salonda sergilenmektedir.<\/p>\n","protected":false},"excerpt":{"rendered":"<p>Hierapolis \u00d6ren Yerinde bulunan Roma Hamam Yap\u0131s\u0131\u2019n\u0131n 1970\u2019li y\u0131llarda yap\u0131lan restorasyonu sonucu, ba\u015fta Hierapolis Kaz\u0131lar\u0131nda \u00e7\u0131kan ve di\u011fer \u00f6ren yerlerimizden getirilen eserlerin te\u015fhir ve d\u00fczenleme \u00e7al\u0131\u015fmalar\u0131 tamamlanarak, 1 \u015eubat 1984 tarihinde Hierapolis \u00d6renyeri M\u00fczesi ziyarete a\u00e7\u0131lm\u0131\u015ft\u0131r. Zaman\u0131n etkisiyle y\u0131pranan Hierapolis \u00d6renyeri M\u00fczesinin 1999 y\u0131l\u0131nda ba\u015flayan restorasyonun, te\u015fhir ve d\u00fczenleme \u00e7al\u0131\u015fmalar\u0131 ile birlikte a\u00e7\u0131k te\u015fhirinin de [&hellip;]<\/p>\n","protected":false},"author":1,"featured_media":0,"parent":0,"menu_order":0,"comment_status":"closed","ping_status":"closed","template":"section-tab.php","meta":[],"_links":{"self":[{"href":"https:\/\/www.yucelarzudagli.com\/en\/wp-json\/wp\/v2\/pages\/139\/"}],"collection":[{"href":"https:\/\/www.yucelarzudagli.com\/en\/wp-json\/wp\/v2\/pages\/"}],"about":[{"href":"https:\/\/www.yucelarzudagli.com\/en\/wp-json\/wp\/v2\/types\/page\/"}],"author":[{"embeddable":true,"href":"https:\/\/www.yucelarzudagli.com\/en\/wp-json\/wp\/v2\/users\/1\/"}],"replies":[{"embeddable":true,"href":"https:\/\/www.yucelarzudagli.com\/en\/wp-json\/wp\/v2\/comments\/?post=139"}],"version-history":[{"count":4,"href":"https:\/\/www.yucelarzudagli.com\/en\/wp-json\/wp\/v2\/pages\/139\/revisions\/"}],"predecessor-version":[{"id":699,"href":"https:\/\/www.yucelarzudagli.com\/en\/wp-json\/wp\/v2\/pages\/139\/revisions\/699\/"}],"wp:attachment":[{"href":"https:\/\/www.yucelarzudagli.com\/en\/wp-json\/wp\/v2\/media\/?parent=139"}],"curies":[{"name":"wp","href":"https:\/\/api.w.org\/{rel}","templated":true}]}}